{"id":89,"date":"2020-03-16T17:36:41","date_gmt":"2020-03-16T16:36:41","guid":{"rendered":"https:\/\/www.transfiguring.net\/?page_id=89"},"modified":"2020-04-07T18:33:14","modified_gmt":"2020-04-07T16:33:14","slug":"the-movement-by-jp-melchior","status":"publish","type":"page","link":"https:\/\/www.transfiguring.net\/en\/the-movement\/the-movement-by-jp-melchior\/","title":{"rendered":"The Movement by JP Melchior"},"content":{"rendered":"<h2 style=\"text-align: center;\"><span style=\"color: #3d8eb9;\">LE R\u00c9EL TRANSFIGUR\u00c9<\/span><br \/>\nPAR JEAN-PHILIPPE MELCHIOR, SOCIOLOGUE<\/h2>\n<p style=\"text-align: left;\">Sept plasticiens qui ont eu auparavant des parcours singuliers dans diverses sp\u00e9cialit\u00e9s ont d\u00e9cid\u00e9 de constituer le groupe <em>Transfiguring<\/em> parce qu\u2019ils consid\u00e8rent que leur univers esth\u00e9tique s\u2019enracine dans des traditions partag\u00e9es et repose sur des \u00e9l\u00e9ments constitutifs communs.<\/p>\n<p style=\"text-align: left;\">Pendant pr\u00e8s de 150 ans, la photographie et la peinture ont connu des \u00e9volutions s\u00e9par\u00e9es et marqu\u00e9es par l\u2019indiff\u00e9rence. Cependant, il ne fait gu\u00e8re de doute que la naissance de la photographie, capable de traduire plus fid\u00e8lement le r\u00e9el que la peinture, a lib\u00e9r\u00e9 cette derni\u00e8re de toute obligation d\u2019objectiver le monde. Ainsi, tout au long du XXe si\u00e8cle, de nombreux courants s\u2019\u00e9loignent du \u00ab rendre compte \u00bb de la r\u00e9alit\u00e9, en poussant toujours plus loin leurs exp\u00e9rimentations picturales (cubisme, diverses \u00e9coles de l\u2019abstraction, supr\u00e9matisme, peinture cin\u00e9tique\u2026) Parall\u00e8lement, pendant tout ce temps, la photographie argentique va se d\u00e9ployer dans plusieurs directions, dont le reportage et le photo-montage. Plusieurs photographes (Brassa\u00ef, Doisneau, Kertesz, Capra) ont r\u00e9ussi \u00e0 faire de leurs prises de vue de sc\u00e8nes de rue, de la vie quotidienne ou de la guerre, d\u2019authentiques \u0153uvres d\u2019art.<\/p>\n<p style=\"text-align: left;\">Davantage dans le registre de la recherche, le courant du photo-montage, par la combinaison riche de sens de segments d\u2019images minutieusement choisis, s\u2019est donn\u00e9 pour objectif soit de consolider des messages politiques en leur attribuant une forte charge \u00e9motionnelle capable de susciter l\u2019adh\u00e9sion (Helmut Herzfeld, El Lissitzky), soit de cr\u00e9er des univers improbables, en associant des objets \u00e9loign\u00e9s voire oppos\u00e9s. Dans cette derni\u00e8re veine, s\u2019illustrent des photographes comme Laszlo Moholy-Nagy et Erwin Blumenfeld, fortement marqu\u00e9s \u00e0 leurs d\u00e9buts par le dada\u00efsme, et, plus pr\u00e8s de nous, Jan Saudek.<\/p>\n<p style=\"text-align: left;\">Outre l\u2019influence exerc\u00e9e par la photographie, <em>Transfiguring<\/em> peut aussi \u00e9voquer la filiation avec plusieurs plasticiens majeurs comme Alain Jacquet (Op Art) ou Sigmar Polke qui accordent tous deux une large place \u00e0 la trame de l\u2019image.<\/p>\n<p style=\"text-align: left;\">La combinaison r\u00e9fl\u00e9chie de segments du r\u00e9el et\/ou la recr\u00e9ation graphique de celui-ci aid\u00e9e par l\u2019ordinateur constituent le patrimoine commun du <em>Transfiguring<\/em>. La photographie num\u00e9rique, \u00e0 partir du milieu des ann\u00e9es 2000, a offert \u00e0 ces plasticiens des possibilit\u00e9s insoup\u00e7onn\u00e9es pour cr\u00e9er les univers et les atmosph\u00e8res issus de leur imaginaire. Que leur parcours ait \u00e9t\u00e9 longtemps inscrit dans le domaine de la peinture (Olivier de Cayron, Marie-Laure Mallet-Melchior, Fran\u00e7oise Peslherbe) ou qu\u2019ils aient toujours \u00e9t\u00e9 photographes (Adrienne Arth, Georges Dumas, Isabelle Seilern, VAM), les plasticiens du <em>Transfiguring<\/em>, forts de leurs convergences voire de leurs proximit\u00e9s, d\u00e9fendent une orientation r\u00e9solument audacieuse qui repose sur plusieurs caract\u00e9ristiques.<\/p>\n<p style=\"text-align: left;\">La premi\u00e8re concerne les techniques mobilis\u00e9es. Si les plasticiens du <em>Transfiguring<\/em> accordent \u00e0 la photographie num\u00e9rique une place centrale dans l\u2019enchainement des op\u00e9rations qui conduisent \u00e0 la r\u00e9alisation de leurs \u0153uvres, ils peuvent \u00e9galement avoir recours \u00e0 d\u2019autres registres (peinture, gravure, photo-montage\u2026). Leur capacit\u00e9 \u00e0 combiner plusieurs techniques n\u2019est pas r\u00e9ductible \u00e0 un simple savoir-faire technique ; elle est intimement li\u00e9e \u00e0 leur projet esth\u00e9tique qui est de transfigurer le r\u00e9el et de susciter d\u2019autres mani\u00e8res de le regarder, la pr\u00e9sence d\u2019un certain flou dans les \u0153uvres offrant au public une r\u00e9elle libert\u00e9 d\u2019interpr\u00e9tation.<\/p>\n<p style=\"text-align: left;\">La deuxi\u00e8me caract\u00e9risation tient \u00e0 la nature des th\u00e8mes investis. Les plasticiens du <em>Transfiguring<\/em> ont, en effet, plusieurs objets communs : le corps, les individus dans leur environnement, les paysages urbains. Selon leur sensibilit\u00e9, chacun de ces plasticiens privil\u00e9gie un de ces th\u00e8mes. Georges Dumas et VAM offrent une approche renouvel\u00e9e du corps laissant une large place \u00e0 la sensualit\u00e9. Adrienne Arth, Fran\u00e7oise Peslherbe et Isabelle Seilern portent un nouveau regard sur les sc\u00e8nes de la vie quotidienne dans la ville et sur les mani\u00e8res dont les individus s\u2019adaptent aux espaces de la cit\u00e9. Quant \u00e0 Olivier de Cayron et Marie-Laure Mallet-Melchior, ils ont choisi de transfigurer les paysages urbains (immeubles, installations industrielles, ponts, modes de transport\u2026) qu\u2019ils d\u00e9couvrent au gr\u00e9 de leurs voyages. En derni\u00e8re instance, ce sont les multiples facettes de notre civilisation urbaine qui sont \u00e0 la fois interrog\u00e9es et r\u00e9interpr\u00e9t\u00e9es.<\/p>\n<p style=\"text-align: left;\">Enfin, il faut ajouter la propension de certains membres du courant \u00e0 exp\u00e9rimenter r\u00e9guli\u00e8rement des mat\u00e9riaux nouveaux (micro-perfor\u00e9, aluminium, plexiglas\u2026). En lien avec les modes op\u00e9ratoires utilis\u00e9s et au service des sujets trait\u00e9s, ces mat\u00e9riaux participent \u00e0 la cr\u00e9ation d\u2019ambiances originales qui sont d\u00e9sormais la marque de fabrique du groupe.<\/p>\n<p style=\"text-align: left;\">Par-del\u00e0 leurs qualit\u00e9s intrins\u00e8ques, les travaux de ces plasticiens doivent beaucoup de leur succ\u00e8s \u00e0 leur capacit\u00e9 \u00e0 \u00eatre en phase avec les attentes d\u2019un public exigeant qui est en qu\u00eate de nouvelles \u00e9motions esth\u00e9tiques et ouvert \u00e0 ce qu\u2019on pourrait appeler les m\u00e9tamorphoses du monde. Gr\u00e2ce au renouvellement inventif des techniques utilis\u00e9es, les plasticiens du <em>Transfiguring<\/em> sont en mesure d\u2019offrir des ambiances singuli\u00e8res qui renouvellent le regard qu\u2019on a sur le r\u00e9el.<\/p>\n","protected":false},"excerpt":{"rendered":"<p>LE R\u00c9EL TRANSFIGUR\u00c9 PAR JEAN-PHILIPPE MELCHIOR, SOCIOLOGUE Sept plasticiens qui ont eu auparavant des parcours singuliers dans diverses sp\u00e9cialit\u00e9s ont d\u00e9cid\u00e9 de constituer le groupe Transfiguring parce qu\u2019ils consid\u00e8rent que leur univers esth\u00e9tique s\u2019enracine dans des traditions partag\u00e9es et repose sur des \u00e9l\u00e9ments constitutifs communs. Pendant pr\u00e8s de 150 ans, la photographie et la peinture [&hellip;]<\/p>\n","protected":false},"author":1,"featured_media":0,"parent":47,"menu_order":0,"comment_status":"closed","ping_status":"closed","template":"","meta":[],"_links":{"self":[{"href":"https:\/\/www.transfiguring.net\/en\/wp-json\/wp\/v2\/pages\/89"}],"collection":[{"href":"https:\/\/www.transfiguring.net\/en\/wp-json\/wp\/v2\/pages"}],"about":[{"href":"https:\/\/www.transfiguring.net\/en\/wp-json\/wp\/v2\/types\/page"}],"author":[{"embeddable":true,"href":"https:\/\/www.transfiguring.net\/en\/wp-json\/wp\/v2\/users\/1"}],"replies":[{"embeddable":true,"href":"https:\/\/www.transfiguring.net\/en\/wp-json\/wp\/v2\/comments?post=89"}],"version-history":[{"count":3,"href":"https:\/\/www.transfiguring.net\/en\/wp-json\/wp\/v2\/pages\/89\/revisions"}],"predecessor-version":[{"id":699,"href":"https:\/\/www.transfiguring.net\/en\/wp-json\/wp\/v2\/pages\/89\/revisions\/699"}],"up":[{"embeddable":true,"href":"https:\/\/www.transfiguring.net\/en\/wp-json\/wp\/v2\/pages\/47"}],"wp:attachment":[{"href":"https:\/\/www.transfiguring.net\/en\/wp-json\/wp\/v2\/media?parent=89"}],"curies":[{"name":"wp","href":"https:\/\/api.w.org\/{rel}","templated":true}]}}