{"id":11,"date":"2020-02-18T19:01:37","date_gmt":"2020-02-18T18:01:37","guid":{"rendered":"https:\/\/www.transfiguring.net\/?page_id=11"},"modified":"2021-03-29T10:18:59","modified_gmt":"2021-03-29T08:18:59","slug":"les-parutions","status":"publish","type":"page","link":"https:\/\/www.transfiguring.net\/fr\/les-parutions\/","title":{"rendered":"Les Parutions"},"content":{"rendered":"<p><img loading=\"lazy\" class=\"aligncenter wp-image-927\" src=\"https:\/\/www.transfiguring.net\/wp-content\/uploads\/2021\/03\/Transfiguring-Mitry-Mory-Extrait.jpg\" alt=\"\" width=\"567\" height=\"355\" srcset=\"https:\/\/www.transfiguring.net\/wp-content\/uploads\/2021\/03\/Transfiguring-Mitry-Mory-Extrait.jpg 798w, https:\/\/www.transfiguring.net\/wp-content\/uploads\/2021\/03\/Transfiguring-Mitry-Mory-Extrait-300x188.jpg 300w, https:\/\/www.transfiguring.net\/wp-content\/uploads\/2021\/03\/Transfiguring-Mitry-Mory-Extrait-768x480.jpg 768w\" sizes=\"(max-width: 567px) 100vw, 567px\" \/><\/p>\n<p style=\"text-align: center;\">Le catalogue de l&#8217;exposition Transfiguring \u00e0 Mitry-Mory<\/p>\n<p style=\"text-align: center;\"><a href=\"https:\/\/www.transfiguring.net\/wp-content\/uploads\/2021\/03\/Transfiguring-Mitry-Mory.pdf\" target=\"_blank\" rel=\"alternate noopener noreferrer\">T\u00e9l\u00e9charger le catalogue<\/a><\/p>\n<p>&nbsp;<\/p>\n<p style=\"text-align: center;\">\u2022 \u2022 \u2022 \u2022 \u2022\u00a0TF \u2022 \u2022 \u2022 \u2022 \u2022<\/p>\n<p>&nbsp;<\/p>\n<p><img loading=\"lazy\" class=\"aligncenter\" src=\"https:\/\/www.transfiguring.net\/wp-content\/uploads\/2020\/03\/TF-MDA-Vue-generale.jpg\" alt=\"\" width=\"567\" height=\"336\" \/><\/p>\n<p style=\"text-align: center;\">Un grand article sur\u00a0le mouvement\u00a0Transfiguring dans le Miroir de l&#8217;Art n\u00b0103<\/p>\n<p style=\"text-align: center;\"><a href=\"\/wp-content\/uploads\/2020\/03\/Transfiguring-Miroir-de-l-art.pdf\" target=\"_blank\" rel=\"alternate noopener noreferrer\">Lire l&#8217;article<\/a><\/p>\n<p>&nbsp;<\/p>\n<p style=\"text-align: center;\">\u2022 \u2022 \u2022 \u2022 \u2022\u00a0TF \u2022 \u2022 \u2022 \u2022 \u2022<\/p>\n<p>&nbsp;<\/p>\n<p style=\"text-align: center;\"><img loading=\"lazy\" class=\"aligncenter size-full wp-image-492\" src=\"https:\/\/www.transfiguring.net\/wp-content\/uploads\/2020\/03\/Transfiguring-Livre.jpg\" alt=\"\" width=\"252\" height=\"357\" srcset=\"https:\/\/www.transfiguring.net\/wp-content\/uploads\/2020\/03\/Transfiguring-Livre.jpg 252w, https:\/\/www.transfiguring.net\/wp-content\/uploads\/2020\/03\/Transfiguring-Livre-212x300.jpg 212w\" sizes=\"(max-width: 252px) 100vw, 252px\" \/><\/p>\n<p style=\"text-align: center;\"><strong>Le\u00a0Livre d&#8217;Art pr\u00e9sentant\u00a0le mouvement\u00a0Transfiguring<\/strong><\/p>\n<p style=\"text-align: center;\">180 pages<br \/>\nFormat 23&#215;29 cm<br \/>\nPr\u00e9face de Christian Noorbergen<br \/>\nPrix 36 \u20ac frais de port compris<\/p>\n<p style=\"text-align: center;\">Pour\u00a0recevoir ce livre, merci d&#8217;envoyer\u00a0<a href=\"https:\/\/www.transfiguring.net\/fr\/contacts\/\" rel=\"alternate\">vos\u00a0coordonn\u00e9es<\/a>.<br \/>\n(r\u00e8glement par ch\u00e8que \u00e0 l&#8217;ordre de Transfiguring ou par virement \u2013 nous contacter)<\/p>\n<p style=\"text-align: center;\">Un extrait ci-dessous.<\/p>\n<p><img loading=\"lazy\" class=\"aligncenter size-full wp-image-494\" src=\"https:\/\/www.transfiguring.net\/wp-content\/uploads\/2020\/03\/Transfiguring-Livre-Extrait-1.jpg\" alt=\"\" width=\"794\" height=\"567\" srcset=\"https:\/\/www.transfiguring.net\/wp-content\/uploads\/2020\/03\/Transfiguring-Livre-Extrait-1.jpg 794w, https:\/\/www.transfiguring.net\/wp-content\/uploads\/2020\/03\/Transfiguring-Livre-Extrait-1-300x214.jpg 300w, https:\/\/www.transfiguring.net\/wp-content\/uploads\/2020\/03\/Transfiguring-Livre-Extrait-1-768x548.jpg 768w\" sizes=\"(max-width: 794px) 100vw, 794px\" \/><\/p>\n<p><img loading=\"lazy\" class=\"aligncenter size-full wp-image-496\" src=\"https:\/\/www.transfiguring.net\/wp-content\/uploads\/2020\/03\/Transfiguring-Livre-Extrait-2.jpg\" alt=\"\" width=\"794\" height=\"567\" srcset=\"https:\/\/www.transfiguring.net\/wp-content\/uploads\/2020\/03\/Transfiguring-Livre-Extrait-2.jpg 794w, https:\/\/www.transfiguring.net\/wp-content\/uploads\/2020\/03\/Transfiguring-Livre-Extrait-2-300x214.jpg 300w, https:\/\/www.transfiguring.net\/wp-content\/uploads\/2020\/03\/Transfiguring-Livre-Extrait-2-768x548.jpg 768w\" sizes=\"(max-width: 794px) 100vw, 794px\" \/><\/p>\n<p><img loading=\"lazy\" class=\"aligncenter size-full wp-image-498\" src=\"https:\/\/www.transfiguring.net\/wp-content\/uploads\/2020\/03\/Transfiguring-Livre-Extrait-3.jpg\" alt=\"\" width=\"794\" height=\"567\" srcset=\"https:\/\/www.transfiguring.net\/wp-content\/uploads\/2020\/03\/Transfiguring-Livre-Extrait-3.jpg 794w, https:\/\/www.transfiguring.net\/wp-content\/uploads\/2020\/03\/Transfiguring-Livre-Extrait-3-300x214.jpg 300w, https:\/\/www.transfiguring.net\/wp-content\/uploads\/2020\/03\/Transfiguring-Livre-Extrait-3-768x548.jpg 768w\" sizes=\"(max-width: 794px) 100vw, 794px\" \/><\/p>\n<p>&nbsp;<\/p>\n<p style=\"text-align: center;\">\u2022 \u2022 \u2022 \u2022 \u2022\u00a0TF \u2022 \u2022 \u2022 \u2022 \u2022<\/p>\n<p>&nbsp;<\/p>\n<p style=\"text-align: center;\"><img loading=\"lazy\" class=\"aligncenter size-full wp-image-490\" src=\"https:\/\/www.transfiguring.net\/wp-content\/uploads\/2020\/03\/Transfiguring-From-portrait-to-self-portrait.jpg\" alt=\"\" width=\"252\" height=\"357\" srcset=\"https:\/\/www.transfiguring.net\/wp-content\/uploads\/2020\/03\/Transfiguring-From-portrait-to-self-portrait.jpg 252w, https:\/\/www.transfiguring.net\/wp-content\/uploads\/2020\/03\/Transfiguring-From-portrait-to-self-portrait-212x300.jpg 212w\" sizes=\"(max-width: 252px) 100vw, 252px\" \/><\/p>\n<p style=\"text-align: center;\">Pr\u00e9sentation des artistes de Transfiguring dans le catalogue &#8220;From portrait to self-portrait&#8221;,<br \/>\nautour du projet d&#8217;Antonio Nodar.<br \/>\nVoir le\u00a0<a href=\"http:\/\/www.p2sp.org\/\" target=\"_blank\" rel=\"alternate noopener noreferrer\">site<\/a>\u00a0du projet.<\/p>\n<p style=\"text-align: center;\">Pour\u00a0recevoir ce catalogue, merci d&#8217;envoyer\u00a0<a href=\"https:\/\/www.transfiguring.net\/fr\/contacts\/\" rel=\"alternate\">vos\u00a0coordonn\u00e9es<\/a>.<\/p>\n<p>&nbsp;<\/p>\n<p style=\"text-align: center;\">\u2022 \u2022 \u2022 \u2022 \u2022\u00a0TF \u2022 \u2022 \u2022 \u2022 \u2022<\/p>\n<p>&nbsp;<\/p>\n<p><img loading=\"lazy\" class=\"aligncenter size-full wp-image-476\" src=\"https:\/\/www.transfiguring.net\/wp-content\/uploads\/2020\/03\/Transfiguring-Architecture-humaine-urbaine.jpg\" alt=\"\" width=\"252\" height=\"357\" srcset=\"https:\/\/www.transfiguring.net\/wp-content\/uploads\/2020\/03\/Transfiguring-Architecture-humaine-urbaine.jpg 252w, https:\/\/www.transfiguring.net\/wp-content\/uploads\/2020\/03\/Transfiguring-Architecture-humaine-urbaine-212x300.jpg 212w\" sizes=\"(max-width: 252px) 100vw, 252px\" \/><\/p>\n<p style=\"text-align: center;\">Les artistes de Transfiguring \u00e0 l&#8217;honneur dans le catalogue d&#8217;art &#8220;Architecture humaine\/urbaine&#8221;.<\/p>\n<p style=\"text-align: center;\">Pour\u00a0recevoir ce catalogue, merci d&#8217;envoyer\u00a0<a href=\"https:\/\/www.transfiguring.net\/fr\/contacts\/\" rel=\"alternate\">vos\u00a0coordonn\u00e9es<\/a>.<\/p>\n<p>&nbsp;<\/p>\n<p style=\"text-align: center;\">\u2022 \u2022 \u2022 \u2022 \u2022\u00a0TF \u2022 \u2022 \u2022 \u2022 \u2022<\/p>\n<p>&nbsp;<\/p>\n<p style=\"text-align: center;\"><img loading=\"lazy\" class=\"aligncenter size-full wp-image-500\" src=\"https:\/\/www.transfiguring.net\/wp-content\/uploads\/2020\/03\/Transfiguring-Sante-Mentale-Francoise-Peslherbe.jpg\" alt=\"\" width=\"252\" height=\"357\" srcset=\"https:\/\/www.transfiguring.net\/wp-content\/uploads\/2020\/03\/Transfiguring-Sante-Mentale-Francoise-Peslherbe.jpg 252w, https:\/\/www.transfiguring.net\/wp-content\/uploads\/2020\/03\/Transfiguring-Sante-Mentale-Francoise-Peslherbe-212x300.jpg 212w\" sizes=\"(max-width: 252px) 100vw, 252px\" \/><\/p>\n<p style=\"text-align: center;\">Les \u0153uvres de notre artiste Fran\u00e7oise PESLHERBE illustrent l&#8217;article<br \/>\n&#8220;L&#8221;humour dans les soins&#8221; du magazine SANT\u00c9 MENTALE\u00a0de mars 2016.<\/p>\n<p>&nbsp;<\/p>\n<p style=\"text-align: center;\">\u2022 \u2022 \u2022 \u2022 \u2022\u00a0TF \u2022 \u2022 \u2022 \u2022 \u2022<\/p>\n<p>&nbsp;<\/p>\n<p style=\"text-align: center;\"><img loading=\"lazy\" class=\"aligncenter size-full wp-image-486\" src=\"https:\/\/www.transfiguring.net\/wp-content\/uploads\/2020\/03\/Transfiguring-Couverture.jpg\" alt=\"\" width=\"252\" height=\"357\" srcset=\"https:\/\/www.transfiguring.net\/wp-content\/uploads\/2020\/03\/Transfiguring-Couverture.jpg 252w, https:\/\/www.transfiguring.net\/wp-content\/uploads\/2020\/03\/Transfiguring-Couverture-212x300.jpg 212w\" sizes=\"(max-width: 252px) 100vw, 252px\" \/><\/p>\n<p style=\"text-align: center;\">Le\u00a0catalogue se compose du manifeste,<br \/>\ndes textes de Claude Ber,\u00a0philosophe et \u00e9crivain,<br \/>\nJean-Philippe\u00a0Melchior, sociologue,<br \/>\nainsi\u00a0que d&#8217;une pr\u00e9sentation des sept artistes membres fondateurs du\u00a0mouvement<br \/>\naccompagn\u00e9e de la reproduction de trois de leurs\u00a0\u0153uvres.<br \/>\n(40 pages \u2013 Format 14&#215;21 cm)<\/p>\n<p style=\"text-align: center;\">Prix 5 \u20ac (+ 2 \u20ac de frais de port)<\/p>\n<p style=\"text-align: center;\">Pour\u00a0recevoir le catalogue Transfiguring, merci d&#8217;envoyer\u00a0<a href=\"https:\/\/www.transfiguring.net\/fr\/contacts\/\" rel=\"alternate\">vos\u00a0coordonn\u00e9es<\/a>.<br \/>\n(r\u00e8glement par ch\u00e8que \u00e0 l&#8217;ordre de Transfiguring ou par virement \u2013 nous contacter)<\/p>\n<p style=\"text-align: center;\">Ci-dessous\u00a0un extrait.<\/p>\n<p><a href=\"https:\/\/www.transfiguring.net\/fr\/artiste\/adrienne-arth\/\"><img loading=\"lazy\" class=\"aligncenter size-full wp-image-478\" src=\"https:\/\/www.transfiguring.net\/wp-content\/uploads\/2020\/03\/Transfiguring-Catalogue-Extrait-1.jpg\" alt=\"\" width=\"794\" height=\"567\" srcset=\"https:\/\/www.transfiguring.net\/wp-content\/uploads\/2020\/03\/Transfiguring-Catalogue-Extrait-1.jpg 794w, https:\/\/www.transfiguring.net\/wp-content\/uploads\/2020\/03\/Transfiguring-Catalogue-Extrait-1-300x214.jpg 300w, https:\/\/www.transfiguring.net\/wp-content\/uploads\/2020\/03\/Transfiguring-Catalogue-Extrait-1-768x548.jpg 768w\" sizes=\"(max-width: 794px) 100vw, 794px\" \/><\/a><\/p>\n<p><a href=\"https:\/\/www.transfiguring.net\/fr\/artiste\/adrienne-arth\/\"><img loading=\"lazy\" class=\"aligncenter size-full wp-image-480\" src=\"https:\/\/www.transfiguring.net\/wp-content\/uploads\/2020\/03\/Transfiguring-Catalogue-Extrait-2.jpg\" alt=\"\" width=\"794\" height=\"567\" srcset=\"https:\/\/www.transfiguring.net\/wp-content\/uploads\/2020\/03\/Transfiguring-Catalogue-Extrait-2.jpg 794w, https:\/\/www.transfiguring.net\/wp-content\/uploads\/2020\/03\/Transfiguring-Catalogue-Extrait-2-300x214.jpg 300w, https:\/\/www.transfiguring.net\/wp-content\/uploads\/2020\/03\/Transfiguring-Catalogue-Extrait-2-768x548.jpg 768w\" sizes=\"(max-width: 794px) 100vw, 794px\" \/><\/a><\/p>\n<p><a href=\"https:\/\/www.transfiguring.net\/fr\/artiste\/olivier-de-cayron\/\"><img loading=\"lazy\" class=\"aligncenter size-full wp-image-482\" src=\"https:\/\/www.transfiguring.net\/wp-content\/uploads\/2020\/03\/Transfiguring-Catalogue-Extrait-3.jpg\" alt=\"\" width=\"794\" height=\"567\" srcset=\"https:\/\/www.transfiguring.net\/wp-content\/uploads\/2020\/03\/Transfiguring-Catalogue-Extrait-3.jpg 794w, https:\/\/www.transfiguring.net\/wp-content\/uploads\/2020\/03\/Transfiguring-Catalogue-Extrait-3-300x214.jpg 300w, https:\/\/www.transfiguring.net\/wp-content\/uploads\/2020\/03\/Transfiguring-Catalogue-Extrait-3-768x548.jpg 768w\" sizes=\"(max-width: 794px) 100vw, 794px\" \/><\/a><\/p>\n<p><a href=\"https:\/\/www.transfiguring.net\/fr\/artiste\/olivier-de-cayron\/\"><img loading=\"lazy\" class=\"aligncenter size-full wp-image-484\" src=\"https:\/\/www.transfiguring.net\/wp-content\/uploads\/2020\/03\/Transfiguring-Catalogue-Extrait-4.jpg\" alt=\"\" width=\"794\" height=\"567\" srcset=\"https:\/\/www.transfiguring.net\/wp-content\/uploads\/2020\/03\/Transfiguring-Catalogue-Extrait-4.jpg 794w, https:\/\/www.transfiguring.net\/wp-content\/uploads\/2020\/03\/Transfiguring-Catalogue-Extrait-4-300x214.jpg 300w, https:\/\/www.transfiguring.net\/wp-content\/uploads\/2020\/03\/Transfiguring-Catalogue-Extrait-4-768x548.jpg 768w\" sizes=\"(max-width: 794px) 100vw, 794px\" \/><\/a><\/p>\n<p><img loading=\"lazy\" class=\"aligncenter size-full wp-image-488\" src=\"https:\/\/www.transfiguring.net\/wp-content\/uploads\/2020\/03\/Transfiguring-Couverture-Dos.jpg\" alt=\"\" width=\"251\" height=\"357\" srcset=\"https:\/\/www.transfiguring.net\/wp-content\/uploads\/2020\/03\/Transfiguring-Couverture-Dos.jpg 251w, https:\/\/www.transfiguring.net\/wp-content\/uploads\/2020\/03\/Transfiguring-Couverture-Dos-211x300.jpg 211w\" sizes=\"(max-width: 251px) 100vw, 251px\" \/><\/p>\n<p style=\"text-align: center;\">\n","protected":false},"excerpt":{"rendered":"<p>Le catalogue de l&#8217;exposition Transfiguring \u00e0 Mitry-Mory T\u00e9l\u00e9charger le catalogue &nbsp; \u2022 \u2022 \u2022 \u2022 \u2022\u00a0TF \u2022 \u2022 \u2022 \u2022 \u2022 &nbsp; Un grand article sur\u00a0le mouvement\u00a0Transfiguring dans le Miroir de l&#8217;Art n\u00b0103 Lire l&#8217;article &nbsp; \u2022 \u2022 \u2022 \u2022 \u2022\u00a0TF \u2022 \u2022 \u2022 \u2022 \u2022 &nbsp; Le\u00a0Livre d&#8217;Art pr\u00e9sentant\u00a0le mouvement\u00a0Transfiguring 180 pages Format 23&#215;29 [&hellip;]<\/p>\n","protected":false},"author":1,"featured_media":0,"parent":0,"menu_order":0,"comment_status":"closed","ping_status":"closed","template":"","meta":[],"_links":{"self":[{"href":"https:\/\/www.transfiguring.net\/fr\/wp-json\/wp\/v2\/pages\/11"}],"collection":[{"href":"https:\/\/www.transfiguring.net\/fr\/wp-json\/wp\/v2\/pages"}],"about":[{"href":"https:\/\/www.transfiguring.net\/fr\/wp-json\/wp\/v2\/types\/page"}],"author":[{"embeddable":true,"href":"https:\/\/www.transfiguring.net\/fr\/wp-json\/wp\/v2\/users\/1"}],"replies":[{"embeddable":true,"href":"https:\/\/www.transfiguring.net\/fr\/wp-json\/wp\/v2\/comments?post=11"}],"version-history":[{"count":8,"href":"https:\/\/www.transfiguring.net\/fr\/wp-json\/wp\/v2\/pages\/11\/revisions"}],"predecessor-version":[{"id":931,"href":"https:\/\/www.transfiguring.net\/fr\/wp-json\/wp\/v2\/pages\/11\/revisions\/931"}],"wp:attachment":[{"href":"https:\/\/www.transfiguring.net\/fr\/wp-json\/wp\/v2\/media?parent=11"}],"curies":[{"name":"wp","href":"https:\/\/api.w.org\/{rel}","templated":true}]}}