{"id":37,"date":"2020-03-16T16:06:09","date_gmt":"2020-03-16T15:06:09","guid":{"rendered":"https:\/\/www.transfiguring.net\/?page_id=37"},"modified":"2020-04-07T18:27:45","modified_gmt":"2020-04-07T16:27:45","slug":"le-mouvement","status":"publish","type":"page","link":"https:\/\/www.transfiguring.net\/fr\/le-mouvement\/","title":{"rendered":"Le Mouvement"},"content":{"rendered":"<p style=\"text-align: center;\"><strong>Le mouvement <em>Transfiguring<\/em> a \u00e9t\u00e9 fond\u00e9 \u00e0 Paris le 5 d\u00e9cembre 2014,<\/strong><br \/>\n<strong>par 7 photographes plasticiens : Adrienne Arth, Olivier de Cayron,<\/strong><br \/>\n<strong>Georges Dumas, Marie-Laure Mallet-Melchior, Fran\u00e7oise Peslherbe,<\/strong><br \/>\n<strong>Isabelle Seilern et VAM. Son but est la promotion et la d\u00e9fense de la<\/strong><br \/>\n<strong>photographie plasticienne.<\/strong><\/p>\n<p style=\"text-align: center;\">Une photographie non consum\u00e9riste, non st\u00e9r\u00e9otyp\u00e9e, non documentaire,<br \/>\nnon \u00e9vidente. Hors des conventions photographiques.<\/p>\n<p style=\"text-align: center;\">Une photographie plac\u00e9e sous le signe de l\u2019exp\u00e9rimentation, des arts<br \/>\nplastiques et des nouvelles technologies.<\/p>\n<p style=\"text-align: center;\">Une photographie qui ne cherche pas \u00e0 rendre compte d\u2019une v\u00e9rit\u00e9, mais<br \/>\nde l\u2019intimit\u00e9 d\u2019un regard, d\u2019un cheminement personnel \u00e0 travers la<br \/>\nphotographie et son histoire.<\/p>\n<p style=\"text-align: center;\">Une photographie qui r\u00e9siste, qui ne cherche pas \u00e0 plaire \u00e0 tout le monde,<br \/>\nmais s\u2019adresse \u00e0 n\u2019importe qui.<br \/>\nUne photographie figurative et dramaturgique qui explore le paysage<br \/>\nhumain, s\u2019appuie et se nourrit du monde contemporain, de sa vitesse,<br \/>\nde ses strates, de sa confusion, de sa multiplicit\u00e9, de ce qui y appara\u00eet<br \/>\net dispara\u00eet.<\/p>\n<p style=\"text-align: center;\">Une photographie qui cherche, filtre, construit\/d\u00e9construit, coud\/d\u00e9coud<br \/>\nla forme de la figuration ; qui joue de l\u2019\u00e9cart, qui d\u00e9cale le regard : celui<br \/>\nde l\u2019artiste et celui du spectateur.<\/p>\n<p style=\"text-align: center;\">Une photographie support d\u2019exploration du r\u00e9el et de ses formes.<br \/>\nUne photographie qui les transcende et les m\u00e9tamorphose.<\/p>\n<h3 style=\"text-align: center;\">POUR MIEUX COMPRENDRE LE MOUVEMENT<\/h3>\n<p style=\"text-align: center;\"><a href=\"http:\/\/transfiguring.net\/le-mouvement\/le-mouvement-par-c-ber\">Le mouvement Transfiguring<\/a> par Claude BER, \u00e9crivain et philosophe<\/p>\n<p style=\"text-align: center;\"><a href=\"http:\/\/transfiguring.net\/le-mouvement\/le-mouvement-par-jp-melchior\">Le r\u00e9el transfigur\u00e9<\/a> par Jean-Philippe Melchior, sociologue<\/p>\n","protected":false},"excerpt":{"rendered":"<p>Le mouvement Transfiguring a \u00e9t\u00e9 fond\u00e9 \u00e0 Paris le 5 d\u00e9cembre 2014, par 7 photographes plasticiens : Adrienne Arth, Olivier de Cayron, Georges Dumas, Marie-Laure Mallet-Melchior, Fran\u00e7oise Peslherbe, Isabelle Seilern et VAM. Son but est la promotion et la d\u00e9fense de la photographie plasticienne. Une photographie non consum\u00e9riste, non st\u00e9r\u00e9otyp\u00e9e, non documentaire, non \u00e9vidente. Hors [&hellip;]<\/p>\n","protected":false},"author":1,"featured_media":0,"parent":0,"menu_order":0,"comment_status":"closed","ping_status":"closed","template":"","meta":[],"_links":{"self":[{"href":"https:\/\/www.transfiguring.net\/fr\/wp-json\/wp\/v2\/pages\/37"}],"collection":[{"href":"https:\/\/www.transfiguring.net\/fr\/wp-json\/wp\/v2\/pages"}],"about":[{"href":"https:\/\/www.transfiguring.net\/fr\/wp-json\/wp\/v2\/types\/page"}],"author":[{"embeddable":true,"href":"https:\/\/www.transfiguring.net\/fr\/wp-json\/wp\/v2\/users\/1"}],"replies":[{"embeddable":true,"href":"https:\/\/www.transfiguring.net\/fr\/wp-json\/wp\/v2\/comments?post=37"}],"version-history":[{"count":9,"href":"https:\/\/www.transfiguring.net\/fr\/wp-json\/wp\/v2\/pages\/37\/revisions"}],"predecessor-version":[{"id":694,"href":"https:\/\/www.transfiguring.net\/fr\/wp-json\/wp\/v2\/pages\/37\/revisions\/694"}],"wp:attachment":[{"href":"https:\/\/www.transfiguring.net\/fr\/wp-json\/wp\/v2\/media?parent=37"}],"curies":[{"name":"wp","href":"https:\/\/api.w.org\/{rel}","templated":true}]}}