{"id":55,"date":"2020-03-16T16:48:32","date_gmt":"2020-03-16T15:48:32","guid":{"rendered":"https:\/\/www.transfiguring.net\/?page_id=55"},"modified":"2020-03-16T17:37:40","modified_gmt":"2020-03-16T16:37:40","slug":"le-manifeste","status":"publish","type":"page","link":"https:\/\/www.transfiguring.net\/fr\/le-mouvement\/le-manifeste\/","title":{"rendered":"Le Manifeste"},"content":{"rendered":"<p style=\"text-align: center;\">Le mouvement\u00a0<em>Transfiguring\u00a0<\/em>a \u00e9t\u00e9 fond\u00e9 \u00e0 Paris le 5 d\u00e9cembre 2014,<br \/>\npar 7 photographes plasticiens : Adrienne Arth, Olivier de Cayron,<br \/>\nGeorges Dumas, Marie-Laure Mallet-Melchior, Fran\u00e7oise Peslherbe,<br \/>\nIsabelle Seilern et VAM. Son but est la promotion et la d\u00e9fense de la<br \/>\nphotographie plasticienne.<\/p>\n<p style=\"text-align: center;\">Une photographie non consum\u00e9riste, non st\u00e9r\u00e9otyp\u00e9e, non documentaire,<br \/>\nnon \u00e9vidente. Hors des conventions photographiques.<\/p>\n<p style=\"text-align: center;\">Une photographie plac\u00e9e sous le signe de l\u2019exp\u00e9rimentation, des arts<br \/>\nplastiques et des nouvelles technologies.<\/p>\n<p style=\"text-align: center;\">Une photographie qui ne cherche pas \u00e0 rendre compte d\u2019une v\u00e9rit\u00e9, mais<br \/>\nde l\u2019intimit\u00e9 d\u2019un regard, d\u2019un cheminement personnel \u00e0 travers la<br \/>\nphotographie et son histoire.<\/p>\n<p style=\"text-align: center;\">Une photographie qui r\u00e9siste, qui ne cherche pas \u00e0 plaire \u00e0 tout le monde,<br \/>\nmais s\u2019adresse \u00e0 n\u2019importe qui.<\/p>\n<p style=\"text-align: center;\">Une photographie figurative et dramaturgique qui explore le paysage<br \/>\nhumain, s\u2019appuie et se nourrit du monde contemporain, de sa vitesse,<br \/>\nde ses strates, de sa confusion, de sa multiplicit\u00e9, de ce qui y appara\u00eet\u00a0et dispara\u00eet.<\/p>\n<p style=\"text-align: center;\">Une photographie qui cherche, filtre, construit\/d\u00e9construit, coud\/d\u00e9coud<br \/>\nla forme de la figuration ; qui joue de l\u2019\u00e9cart, qui d\u00e9cale le regard : celui<br \/>\nde l\u2019artiste et celui du spectateur.<\/p>\n<p style=\"text-align: center;\">Une photographie support d\u2019exploration du r\u00e9el et de ses formes.<\/p>\n<p style=\"text-align: center;\">Une photographie qui les transcende et les m\u00e9tamorphose.<\/p>\n","protected":false},"excerpt":{"rendered":"<p>Le mouvement\u00a0Transfiguring\u00a0a \u00e9t\u00e9 fond\u00e9 \u00e0 Paris le 5 d\u00e9cembre 2014, par 7 photographes plasticiens : Adrienne Arth, Olivier de Cayron, Georges Dumas, Marie-Laure Mallet-Melchior, Fran\u00e7oise Peslherbe, Isabelle Seilern et VAM. Son but est la promotion et la d\u00e9fense de la photographie plasticienne. Une photographie non consum\u00e9riste, non st\u00e9r\u00e9otyp\u00e9e, non documentaire, non \u00e9vidente. Hors des conventions [&hellip;]<\/p>\n","protected":false},"author":1,"featured_media":0,"parent":37,"menu_order":0,"comment_status":"closed","ping_status":"closed","template":"","meta":[],"_links":{"self":[{"href":"https:\/\/www.transfiguring.net\/fr\/wp-json\/wp\/v2\/pages\/55"}],"collection":[{"href":"https:\/\/www.transfiguring.net\/fr\/wp-json\/wp\/v2\/pages"}],"about":[{"href":"https:\/\/www.transfiguring.net\/fr\/wp-json\/wp\/v2\/types\/page"}],"author":[{"embeddable":true,"href":"https:\/\/www.transfiguring.net\/fr\/wp-json\/wp\/v2\/users\/1"}],"replies":[{"embeddable":true,"href":"https:\/\/www.transfiguring.net\/fr\/wp-json\/wp\/v2\/comments?post=55"}],"version-history":[{"count":2,"href":"https:\/\/www.transfiguring.net\/fr\/wp-json\/wp\/v2\/pages\/55\/revisions"}],"predecessor-version":[{"id":82,"href":"https:\/\/www.transfiguring.net\/fr\/wp-json\/wp\/v2\/pages\/55\/revisions\/82"}],"up":[{"embeddable":true,"href":"https:\/\/www.transfiguring.net\/fr\/wp-json\/wp\/v2\/pages\/37"}],"wp:attachment":[{"href":"https:\/\/www.transfiguring.net\/fr\/wp-json\/wp\/v2\/media?parent=55"}],"curies":[{"name":"wp","href":"https:\/\/api.w.org\/{rel}","templated":true}]}}